{"id":2711,"date":"2023-01-02T07:14:21","date_gmt":"2023-01-02T07:14:21","guid":{"rendered":"https:\/\/clapat-themes.com\/wordpress\/harington\/?page_id=2711"},"modified":"2023-07-24T22:54:59","modified_gmt":"2023-07-24T22:54:59","slug":"about-2","status":"publish","type":"page","link":"https:\/\/santiagoamayaquimbayo.com\/?page_id=2711","title":{"rendered":"Estudio"},"content":{"rendered":"<div class=\"wp-block-harington-gutenberg-container content-row light-section full row_padding_top row_padding_left row_padding_right\" data-bgcolor=\"#eeeeee\" style=\"text-align:left\"><div class=\"wp-block-columns is-layout-flex wp-container-core-columns-is-layout-1 wp-block-columns-is-layout-flex\"><div class=\"wp-block-column is-layout-flow wp-block-column-is-layout-flow\" style=\"flex-basis:33.33%\"><h6 class=\"has-mask wp-block-heading\">\/ 01<\/h6><\/div>\n\n<div class=\"wp-block-column is-layout-flow wp-block-column-is-layout-flow\" style=\"flex-basis:66.66%\"><h6 class=\"has-mask wp-block-heading\">\/ VISI\u00d3N<\/h6><\/div><\/div>\n\n<p><\/p>\n\n<hr><hr>\n\n<div class=\"wp-block-columns is-layout-flex wp-container-core-columns-is-layout-2 wp-block-columns-is-layout-flex\"><div class=\"wp-block-column is-layout-flow wp-block-column-is-layout-flow\" style=\"flex-basis:33.33%\"><h5 class=\"has-mask wp-block-heading\">Identidad Gr\u00e1fica<\/h5>\n\n<h5 class=\"has-mask wp-block-heading\">Motion Graphics<\/h5>\n\n<h5 class=\"has-mask wp-block-heading\">Ux Design<\/h5><\/div>\n\n<div class=\"wp-block-column is-layout-flow wp-block-column-is-layout-flow\" style=\"flex-basis:66.66%\"><h4 class=\"has-mask wp-block-heading\">La imagen colombiana, \u00fanica responsable de su huella en el mundo y en la historia, es diversa y colorida asemejando las frutas de su tropicalidad y las chivas que lleva al pueblo sincero.<\/h4><\/div><\/div><\/div><div class=\"wp-block-harington-gutenberg-container content-row light-section full\" data-bgcolor=\"#eeeeee\" style=\"text-align:left\"><div id=\"team-panels\" class=\"wp-block-harington-gutenberg-team-members-scrolling-panels panels\"><div class=\"panels-container\"><div class=\"panel\"><div class=\"panel-content-wrapper\"><div class=\"panel-image\"><img decoding=\"async\" src=\"https:\/\/santiagoamayaquimbayo.com\/wp-content\/uploads\/2023\/07\/SANTIAGO-AMAYA-QUIMBAYO.jpg\" alt=\"Team Member Image\"><\/div><div class=\"panel-content\"><div class=\"team-name-panel\">Santiago<\/div><div class=\"team-cat-panel\">Dise\u00f1o<\/div><\/div><\/div><\/div><\/div><\/div><\/div><div class=\"wp-block-harington-gutenberg-container content-row light-section full row_padding_bottom row_padding_left row_padding_right\" data-bgcolor=\"#eeeeee\" style=\"text-align:left\"><hr class=\"animated-line has-animation\">\n\n<div class=\"wp-block-columns is-layout-flex wp-container-core-columns-is-layout-3 wp-block-columns-is-layout-flex\"><div class=\"wp-block-column is-layout-flow wp-block-column-is-layout-flow\" style=\"flex-basis:33.33%\"><h6 class=\"has-mask wp-block-heading\">\/ 02<\/h6><\/div>\n\n<div class=\"wp-block-column has-mask is-layout-flow wp-block-column-is-layout-flow\" style=\"flex-basis:66.66%\"><h6 class=\"has-mask wp-block-heading\">\/ Datos<\/h6><\/div><\/div>\n\n<hr><hr>\n\n<div class=\"wp-block-columns is-layout-flex wp-container-core-columns-is-layout-4 wp-block-columns-is-layout-flex\"><div class=\"wp-block-column is-layout-flow wp-block-column-is-layout-flow\"><h3 class=\"has-mask no-margins wp-block-heading\">Resumen<\/h3>\n\n<h3 class=\"has-mask no-margins wp-block-heading\">del Estudio<\/h3><\/div>\n\n<div class=\"wp-block-column is-layout-flow wp-block-column-is-layout-flow\"><h1 class=\"has-mask-fill wp-block-heading\">100+<\/h1>\n\n<hr class=\"animated-line has-animation\">\n\n<h6 class=\"has-mask wp-block-heading\">Proyectos completados<\/h6>\n\n<hr><hr><hr>\n\n<h1 class=\"has-mask-fill wp-block-heading\">13<\/h1>\n\n<hr class=\"animated-line has-animation\">\n\n<h6 class=\"has-mask wp-block-heading\">A\u00f1os de experiencia<\/h6><\/div>\n\n<div class=\"wp-block-column is-layout-flow wp-block-column-is-layout-flow\"><h1 class=\"has-mask-fill wp-block-heading\">+60<\/h1>\n\n<hr class=\"animated-line has-animation\">\n\n<h6 class=\"has-mask wp-block-heading\">Logotipos <\/h6>\n\n<hr><hr><hr>\n\n<h1 class=\"has-mask-fill wp-block-heading\">+100<\/h1>\n\n<hr class=\"animated-line has-animation\">\n\n<h6 class=\"has-mask wp-block-heading\">Clientes<\/h6><\/div><\/div><\/div><div class=\"wp-block-harington-gutenberg-container content-row light-section normal row_padding_bottom\" data-bgcolor=\"#eeeeee\" style=\"text-align:left\"><div class=\"title-moving-outer \"><h1 class=\"title-moving-forward\">M\u00e1s de 100 clientes satisfechos<\/h1><\/div>\n\n<div class=\"title-moving-outer \"><h1 class=\"title-moving-backward\">M\u00e1s de 100 proyectos realizados<\/h1><\/div><\/div><div class=\"wp-block-harington-gutenberg-container content-row light-section full row_padding_bottom row_padding_left row_padding_right\" data-bgcolor=\"#eeeeee\" style=\"text-align:left\"><div class=\"wp-block-columns is-layout-flex wp-container-core-columns-is-layout-5 wp-block-columns-is-layout-flex\"><div class=\"wp-block-column is-layout-flow wp-block-column-is-layout-flow\" style=\"flex-basis:33.33%\"><h6 class=\"has-mask wp-block-heading\">\/ 03<\/h6><\/div>\n\n<div class=\"wp-block-column has-mask is-layout-flow wp-block-column-is-layout-flow\" style=\"flex-basis:66.66%\"><h2 class=\"wp-block-heading\">\/ Experiencia<\/h2>\n\n<h5 class=\"wp-block-heading\">\/ Expertise<\/h5><\/div><\/div>\n\n<hr><hr>\n\n<div class=\"wp-block-columns is-layout-flex wp-container-core-columns-is-layout-6 wp-block-columns-is-layout-flex\"><div class=\"wp-block-column is-layout-flow wp-block-column-is-layout-flow\" style=\"flex-basis:33.33%\"><h3 class=\"has-mask no-margins wp-block-heading\">Miradas<\/h3><\/div>\n\n<div class=\"wp-block-column is-layout-flow wp-block-column-is-layout-flow\"><dl class=\"wp-block-harington-gutenberg-accordion accordion small-acc\"><dt><span class=\"link\">Dise\u00f1o Humano<\/span><div class=\"acc-icon-wrap parallax-wrap\"><div class=\"acc-button-icon parallax-element\"><i class=\"fa fa-arrow-right\"><\/i><\/div><\/div><\/dt><dd class=\"accordion-content\">El dise\u00f1o cumple las caracter\u00edsticas de lo que necesitan las personas, no el tiempo<\/dd>\n\n<dt><span class=\"link\">Dise\u00f1o personalizado<\/span><div class=\"acc-icon-wrap parallax-wrap\"><div class=\"acc-button-icon parallax-element\"><i class=\"fa fa-arrow-right\"><\/i><\/div><\/div><\/dt><dd class=\"accordion-content\">El m\u00e9todo garantiza un resultado excepcional y \u00fanico<\/dd>\n\n<dt><span class=\"link\">Calidad<\/span><div class=\"acc-icon-wrap parallax-wrap\"><div class=\"acc-button-icon parallax-element\"><i class=\"fa fa-arrow-right\"><\/i><\/div><\/div><\/dt><dd class=\"accordion-content\">La confianza que han depositado los casos de \u00e9xito asegura una calidad del resultado implacable<\/dd>\n\n<dt><span class=\"link\">Diversi\u00f3n<\/span><div class=\"acc-icon-wrap parallax-wrap\"><div class=\"acc-button-icon parallax-element\"><i class=\"fa fa-arrow-right\"><\/i><\/div><\/div><\/dt><dd class=\"accordion-content\">No todo es dise\u00f1o, tambien podemos sentarnos y hablar de lo que sentimos.<\/dd><\/dl><\/div><\/div><\/div><div class=\"wp-block-harington-gutenberg-container content-row dark-section full row_padding_top row_padding_bottom change-header-color\" data-bgcolor=\"#222222\" style=\"text-align:left\"><ul class=\"wp-block-harington-gutenberg-clients clients-table no-borders\" data-delay=\"0\"><li class=\"link\"><img decoding=\"async\" src=\"https:\/\/santiagoamayaquimbayo.com\/wp-content\/uploads\/2023\/07\/Google2.png\" alt=\"client image\" \/><\/li>\n\n<li class=\"link\"><img decoding=\"async\" src=\"https:\/\/santiagoamayaquimbayo.com\/wp-content\/uploads\/2023\/07\/Mercado-Libre2.png\" alt=\"client image\" \/><\/li>\n\n<li class=\"link\"><img decoding=\"async\" src=\"https:\/\/santiagoamayaquimbayo.com\/wp-content\/uploads\/2023\/07\/RedBull3.png\" alt=\"client image\" \/><\/li>\n\n<li class=\"link\"><img decoding=\"async\" src=\"https:\/\/santiagoamayaquimbayo.com\/wp-content\/uploads\/2023\/07\/VMLYyR2.png\" alt=\"client image\" \/><\/li>\n\n<li class=\"link\"><img decoding=\"async\" src=\"https:\/\/santiagoamayaquimbayo.com\/wp-content\/uploads\/2023\/07\/Nequi2.png\" alt=\"client image\" \/><\/li>\n\n<li class=\"link\"><img decoding=\"async\" src=\"https:\/\/santiagoamayaquimbayo.com\/wp-content\/uploads\/2023\/07\/symantec2.png\" alt=\"client image\" \/><\/li>\n\n<li class=\"link\"><img decoding=\"async\" src=\"https:\/\/santiagoamayaquimbayo.com\/wp-content\/uploads\/2023\/07\/gws2.png\" alt=\"client image\" \/><\/li>\n\n<li class=\"link\"><img decoding=\"async\" src=\"https:\/\/santiagoamayaquimbayo.com\/wp-content\/uploads\/2023\/07\/icbf2.png\" alt=\"client image\" \/><\/li>\n\n<li class=\"link\"><img decoding=\"async\" src=\"https:\/\/santiagoamayaquimbayo.com\/wp-content\/uploads\/2023\/07\/Cuzesar2.png\" alt=\"client image\" \/><\/li>\n\n<li class=\"link\"><img decoding=\"async\" src=\"https:\/\/santiagoamayaquimbayo.com\/wp-content\/uploads\/2023\/07\/MCI2.png\" alt=\"client image\" \/><\/li><\/ul><\/div><div class=\"wp-block-harington-gutenberg-container content-row light-section full row_padding_top row_padding_left row_padding_right\" data-bgcolor=\"#eeeeee\" style=\"text-align:left\"><hr>\n\n<h1 class=\"has-text-align-center wp-block-heading\">La aventura del dise\u00f1o y la creaci\u00f3n gr\u00e1fica encierra una magia perceptible, una sensaci\u00f3n de asombro que solo puede inundar los ojos de aquellos genuinamente curiosos y que enfrentan la vida con la intenci\u00f3n de vivir cada matiz del color.<\/h1>\n\n<hr><hr>\n\n<div class=\"wp-block-columns is-layout-flex wp-container-core-columns-is-layout-7 wp-block-columns-is-layout-flex\"><div class=\"wp-block-column is-layout-flow wp-block-column-is-layout-flow\"><\/div>\n\n<div class=\"wp-block-column is-layout-flow wp-block-column-is-layout-flow\"><h5 class=\"has-mask-fill wp-block-heading\">El Reto<\/h5>\n\n<p class=\"has-animation\">Soluciones innovadoras que impulsen su negocio hacia el \u00e9xito. Con experiencia y creatividad, su marca destacar\u00e1 y prosperar\u00e1 en el competitivo mercado actual. La tropicalidad del estudio solo quiere poner algo de color que represente su sabor.<\/p>\n\n<hr>\n\n<h5 class=\"has-mask-fill wp-block-heading\">El M\u00e9todo<\/h5>\n\n<p class=\"has-animation no-margins\">Un enfoque amigable y certero, para lograr resultados gr\u00e1ficos de \u00faltima generaci\u00f3n con un toque art\u00edstico y humano. El proceso creativo se gu\u00eda de manera colaborativa y precisa, asegurando que cada dise\u00f1o refleje la esencia \u00fanica de la marca. Con la historia del arte aplicada, los proyectos gr\u00e1ficos llegan a un nivel excepcional.<\/p><\/div><\/div><\/div><div class=\"wp-block-harington-gutenberg-container content-row light-section full row_padding_top row_padding_bottom\" data-bgcolor=\"#eeeeee\" style=\"text-align:left\"><div style=\"height:100px\" aria-hidden=\"true\" class=\"wp-block-spacer\"><\/div>\n\n<h4 class=\"has-text-align-center wp-block-heading\">Un poco de experiencia<\/h4>\n\n<figure class=\"wp-block-table aligncenter is-style-stripes has-small-font-size\">\n<table>\n<thead>\n<tr><th>A\u00f1o<\/th><th>Descripci\u00f3n<\/th><th>Cliente<\/th><\/tr>\n<\/thead>\n<tbody>\n<tr><td rowspan=\"18\">2022<\/td>\n<td>Direcci\u00f3n de dise\u00f1o en agencia web de publicidad<\/td><td>UP STRATEGY<\/td><\/tr>\n<tr><td>Logotipo y gr\u00e1fica para estudio de audio y m\u00fasica<\/td><td>EL MAR RECORDS<\/td><\/tr><tr><td>Talleres pedag\u00f3gicos de serigraf\u00eda y fotograf\u00eda Ghetto Love<\/td><td>TALLER 108<\/td><\/tr><tr><td>Logotipo, gr\u00e1fica y web para agencia de asuntos de imigraci\u00f3n<\/td><td>LATUS<\/td><\/tr><tr><td>Logotipo para fot\u00f3grafo y film-maker<\/td><td>RIOR<\/td><\/tr><tr><td>Piezas animadas promocionales para Rappi (6 seg. &#8211; 10 seg.)<\/td><td>VMLY&amp;R<\/td><\/tr><tr><td>Motion graphics para Batalla Reginal Medellin y Bogot\u00e1 2022 y Final nacional 2022<\/td><td>Red Bull<\/td><\/tr><tr><td>Motion graphics para Batalla Final Colombia 2022<\/td><td>Red Bull<\/td><\/tr><tr><td>User Interface design para aplicaci\u00f3n web<\/td><td>OptiHop<\/td><\/tr><tr><td>Landing page para aplicaci\u00f3n web<\/td><td>OPEN MALL<\/td><\/tr><tr><td>Logotipo y gr\u00e1fica de redes para tienda de depilaci\u00f3n laser<\/td><td>LaseilorMoon<\/td><\/tr><tr><td>Logotipo y gr\u00e1fica de redes para compa\u00f1\u00eda de piedras preciosas<\/td><td>Oorja<\/td><\/tr><tr><td>Logotipo para artista de m\u00fasica urbana<\/td><td>JL Mafia<\/td><\/tr><tr><td>Motion Graphics para Miniserie documental \u201cSER en Colombia\u201d<\/td><td>War Child<\/td><\/tr><tr><td>Motion Graphics para presentaci\u00f3n de aplicaci\u00f3m m\u00f3vil<\/td><td>Parrillero<\/td><\/tr><tr><td>Motion graphics para Monserrate Cerro Abajo 2022<\/td><td>Red Bull<\/td><\/tr><tr><td>Motion graphics para movimiento de activismo ciudadano<\/td><td>CARROS MAS SEGUROS<\/td><\/tr><tr><td>Impresi\u00f3n serigr\u00e1fica de posters para l\u00ednea de ropa<\/td><td>UGLYNESS<\/td><\/tr>\n\n<tr><td rowspan=\"28\">2021<\/td><td>Landing Page para aplicaci\u00f3n Web<\/td><td>OptiHop<\/td><\/tr><tr><td>Gr\u00e1fica de redes para m\u00e1s de 7 productos<\/td><td>FUSIONANDO MUNDOS<\/td><\/tr><tr><td>Motion graphics para movimiento feminista<\/td><td>SISMAMUJER<\/td><\/tr><tr><td>Motion graphics para Redbull Conquista el Pe\u00f1ol 2021<\/td><td>RED BULL<\/td><\/tr><tr><td>Motion graphics y dise\u00f1o gr\u00e1fico para cortometraje<\/td><td>LA C\u00c1MARA ROBADA<\/td><\/tr><tr><td>Motion graphics para video clip de artista de m\u00fasica urbana<\/td><td>Musta<\/td><\/tr><tr><td>Motion graphics para movimiento de activismo ciudadano<\/td><td>CARROS MAS SEGUROS<\/td><\/tr><tr><td>Identidad Gr\u00e1fica para negocio de trajes de ba\u00f1o femeninos<\/td><td>MORAMAY<\/td><\/tr><tr><td>Logotipo para artista de Dub y SoundSystem<\/td><td>Riot Beat Selector<\/td><\/tr><tr><td>Logotipo y gr\u00e1fica de redes para experiencia gastron\u00f3mica ef\u00edmera<\/td><td>Oscuro<\/td><\/tr><tr><td>Logotipo y flyer para fiesta privada<\/td><td>Tr\u00f3pical Fl\u00faor<\/td><\/tr><tr><td>Logotipo e ilustraci\u00f3n para artista malabar callejero<\/td><td>ALAMALABAR<\/td><\/tr><tr><td>Logotipo para banda de m\u00fasica afrocolombiana<\/td><td>Atake Mapal\u00e9<\/td><\/tr><tr><td>Logotipo para productora musical<\/td><td>Audible Live<\/td><\/tr><tr><td>Logotipo para proyecto cluster de salud<\/td><td>Health Center Cluster Salud<\/td><\/tr><tr><td>Logotipo para productora musical<\/td><td>Bass &amp; Beats<\/td><\/tr><tr><td>Logotipo y Flyer design para artista de m\u00fasica urbana<\/td><td>Musta<\/td><\/tr><tr><td>Logotipo e impresi\u00f3n serigr\u00e1fica para negocio de comestibles<\/td><td>La Monsi<\/td><\/tr><tr><td>Presentaci\u00f3n y slides design para proyecto cluster de salud<\/td><td>Health Center Cluster Salud<\/td><\/tr><tr><td>Flyer design para fiesta privada<\/td><td>LA YARI PARTY<\/td><\/tr><tr><td>Flyer design para productora musical<\/td><td>AUDIBLE LIVE<\/td><\/tr><tr><td>Infograf\u00eda de Organizaci\u00f3n de Centros Zonales y DF<\/td><td>INSTITUTO COLOMBIANO DE BIENESTAR FAMILIAR<\/td><\/tr><tr><td>Album Cover Art para banda de m\u00fasica afrocolombiana<\/td><td>ATAKE MAPAL\u00c9<\/td><\/tr><tr><td>Album Cover Art para artista de m\u00fasica electr\u00f3nica<\/td><td>BEAT TO BE<\/td><\/tr><tr><td>Impresi\u00f3n de stickers en serigraf\u00eda para productora auidiovisual<\/td><td>FILMKILO HR PP<\/td><\/tr><tr><td>Impresi\u00f3n serigrafica de camisetas para l\u00ednea de ropa<\/td><td>UGLYNESS<\/td><\/tr><tr><td>Poster design e impresi\u00f3n serigr\u00e1fica para banda de musica rock (PARCHE SESSIONS)<\/td><td>NANOOK EL ULTIMO ESQUIMAL<\/td><\/tr><tr><td>Poster design e impresi\u00f3n serigr\u00e1fica para banda de musica tradi- cional colombiana (PARCHE SESSIONS)<\/td><td>Malalma<\/td><\/tr>\n\n<tr><td rowspan=\"21\">2020<\/td><td>Gr\u00e1fica de redes sociales para consultorio de cirug\u00eda est\u00e9tica<\/td><td>DELPHICA<\/td><\/tr><tr><td>Identidad gr\u00e1fica para compa\u00f1\u00eda de vaporizadores can\u00e1bicos<\/td><td>MAR\u00cdA EXTRACCIONES<\/td><\/tr><tr><td>Identidad gr\u00e1fica para productora musical<\/td><td>Gloria Sonora<\/td><\/tr><tr><td>Logotipo para banda de m\u00fasica jazz<\/td><td>Los tres Guaches<\/td><\/tr><tr><td>Logotipo para linea de ropa de surf<\/td><td>GotheCreeps<\/td><\/tr><tr><td>Logotipo para artista musical<\/td><td>Briela Ojeda<\/td><\/tr><tr><td>Logotipo para empresa manufacturera de bolsos en morroquiner\u00eda<\/td><td>Piu Pom<\/td><\/tr><tr><td>Logotipo para empresa manufacturera de tapabocas<\/td><td>Promask<\/td><\/tr><tr><td>Motion graphics para Monserrate Cerro Abajo 2020<\/td><td>Red Bull<\/td><\/tr><tr><td>Flyer design para empresa manufacturera de tapabocas<\/td><td>Promask<\/td><\/tr><tr><td>Menu design (restaurant, room service &amp; wine ) para hotel<\/td><td>Aurum<\/td><\/tr><tr><td>Infograf\u00eda prevensi\u00f3n covid<\/td><td>Paula Ospina<\/td><\/tr><tr><td>Presentation &amp; Slides design para proyecto de inversi\u00f3n en tapabocas<\/td><td>SILLA SEGOVIA<\/td><\/tr><tr><td>Album Cover Art para banda de m\u00fasica afrocolombiana (PARCHE SESSIONS)<\/td><td>Los Yoryis<\/td><\/tr><tr><td>Posters design para comunidad de desarrollo del tiempo<\/td><td>BANCO DEL TIEMPO<\/td><\/tr><tr><td>Poster design para artista de musica rock (PARCHE SESSIONS)<\/td><td>JAY BIRD<\/td><\/tr><tr><td>Poster design &amp; flyer para cortometraje<\/td><td>VODKA SPAGUETTI<\/td><\/tr><tr><td>Poster design para artista de musica rap (PARCHE SESSIONS)<\/td><td>HSC<\/td><\/tr><tr><td>Ilustraci\u00f3n para banda de m\u00fasica punk<\/td><td>Vivir Na Cidade<\/td><\/tr><tr><td>Ilustraci\u00f3n para mural art\u00edstico y ventanas para barber\u00eda<\/td><td>WingMan Barber Shop<\/td><\/tr><tr><td>Ilustraci\u00f3n The Comeback Kid<\/td><td>Peak<\/td><\/tr>\n\n<tr><td rowspan=\"17\">2019<\/td><td>Web master para compa\u00f1\u00eda de cabina sonoras<\/td><td>AUDIBLE<\/td><\/tr><tr><td>Landing page web design para compa\u00f1\u00eda de inversi\u00f3n<\/td><td>Laocoonte<\/td><\/tr><tr><td>Redise\u00f1o web para movimiento social de apropiaci\u00f3n Urbana<\/td><td>Renova<\/td><\/tr><tr><td>Creaci\u00f3n y fundador de colectivo de sesiones musicales en directo<\/td><td>El Parche Sessions<\/td><\/tr><tr><td>Creaci\u00f3n y fundador de colectivo de sesiones Po\u00e9ticas en directo<\/td><td>Just a Live<\/td><\/tr><tr><td>Identida gr\u00e1fica para festival de musica pop<\/td><td>VillaFest<\/td><\/tr><tr><td>Identidad gr\u00e1fica para Universidad<\/td><td>UA Norte<\/td><\/tr><tr><td>Identidad grafica para banda de m\u00fasica HIP HOP<\/td><td>Los Smokers<\/td><\/tr><tr><td>Identidad gr\u00e1fica para instirucion de educacion t\u00e9cnica y superior<\/td><td>INPROSISTEMAS<\/td><\/tr><tr><td>Identidad grafica para compa\u00f1\u00eda de energ\u00eda solar<\/td><td>PURE ENERGY DEVELOPMENT<\/td><\/tr><tr><td>Logotipo para tienda de articulos para mascotas<\/td><td>PAU WOW<\/td><\/tr><tr><td>Poster design para artista de musica electr\u00f3nica (PARCHE SESSIONS)<\/td><td>BioMigrant<\/td><\/tr><tr><td>Poster design para artista de musica colombiana (PARCHE SESSIONS)<\/td><td>Briela Ojeda<\/td><\/tr><tr><td>Poster design para banda de musica rock (PARCHE SESSIONS)<\/td><td>The Kitsch<\/td><\/tr><tr><td>Poster design para banda de musica colombiana (PARCHE SESSIONS)<\/td><td>Flor de Jamaica<\/td><\/tr><tr><td>Flyer design para banda de musica colombiana al Glastonbury<\/td><td>Los Yoryis<\/td><\/tr><tr><td>Flyer design para movimiento social de apropiaci\u00f3n Urbana<\/td><td>Renova<\/td><\/tr><\/tbody><\/table><\/figure><\/div>","protected":false},"excerpt":{"rendered":"","protected":false},"author":1,"featured_media":0,"parent":0,"menu_order":0,"comment_status":"closed","ping_status":"closed","template":"","meta":{"om_disable_all_campaigns":false,"_monsterinsights_skip_tracking":false,"_monsterinsights_sitenote_active":false,"_monsterinsights_sitenote_note":"","_monsterinsights_sitenote_category":0,"_uf_show_specific_survey":0,"_uf_disable_surveys":false,"footnotes":""},"class_list":["post-2711","page","type-page","status-publish","hentry"],"aioseo_notices":[],"jetpack_sharing_enabled":true,"_links":{"self":[{"href":"https:\/\/santiagoamayaquimbayo.com\/index.php?rest_route=\/wp\/v2\/pages\/2711","targetHints":{"allow":["GET"]}}],"collection":[{"href":"https:\/\/santiagoamayaquimbayo.com\/index.php?rest_route=\/wp\/v2\/pages"}],"about":[{"href":"https:\/\/santiagoamayaquimbayo.com\/index.php?rest_route=\/wp\/v2\/types\/page"}],"author":[{"embeddable":true,"href":"https:\/\/santiagoamayaquimbayo.com\/index.php?rest_route=\/wp\/v2\/users\/1"}],"replies":[{"embeddable":true,"href":"https:\/\/santiagoamayaquimbayo.com\/index.php?rest_route=%2Fwp%2Fv2%2Fcomments&post=2711"}],"version-history":[{"count":9,"href":"https:\/\/santiagoamayaquimbayo.com\/index.php?rest_route=\/wp\/v2\/pages\/2711\/revisions"}],"predecessor-version":[{"id":3753,"href":"https:\/\/santiagoamayaquimbayo.com\/index.php?rest_route=\/wp\/v2\/pages\/2711\/revisions\/3753"}],"wp:attachment":[{"href":"https:\/\/santiagoamayaquimbayo.com\/index.php?rest_route=%2Fwp%2Fv2%2Fmedia&parent=2711"}],"curies":[{"name":"wp","href":"https:\/\/api.w.org\/{rel}","templated":true}]}}