{"id":2611,"date":"2023-01-02T06:23:41","date_gmt":"2023-01-02T06:23:41","guid":{"rendered":"https:\/\/clapat-themes.com\/wordpress\/harington\/?page_id=2611"},"modified":"2023-07-25T16:16:06","modified_gmt":"2023-07-25T16:16:06","slug":"landing-page","status":"publish","type":"page","link":"https:\/\/santiagoamayaquimbayo.com\/?page_id=2611","title":{"rendered":"Inicio"},"content":{"rendered":"<div class=\"wp-block-harington-gutenberg-container content-row light-section full row_padding_bottom\" data-bgcolor=\"#eeeeee\" style=\"text-align:left\"><div id=\"itemsWrapperLinks\"><div id=\"itemsWrapper\" class=\"webgl-fitthumbs fx-one\"><!-- Portfolio Wrap --><div class=\"portfolio-wrap flex-grid content-full-width fade-scaleout-effect\"><!-- Portfolio Columns --><div class=\"portfolio portfolio-shortcode\"><div class=\"item trigger-item \" data-color=\"#4fb278\"><div class=\"item-parallax\"><div class=\"item-appear\"><div class=\"item-content\"><a class=\"item-wrap ajax-link-project\" data-type=\"page-transition\" href=\"https:\/\/santiagoamayaquimbayo.com\/?harington_portfolio=pelaez-bernal-abogados-asociados\"><\/a><div class=\"item-wrap-image\"><img decoding=\"async\" src=\"https:\/\/santiagoamayaquimbayo.com\/wp-content\/uploads\/2025\/08\/PBAA-a-portafolio19.webp\" class=\"item-image grid__item-img trigger-item-link\" alt=\"\"><\/div><img decoding=\"async\" class=\"grid__item-img grid__item-img--large\" src=\"https:\/\/santiagoamayaquimbayo.com\/wp-content\/uploads\/2025\/08\/PBAA-a-portafolio19.webp\" alt=\"\" \/><\/div><\/div><div class=\"item-caption-wrapper\"><div class=\"item-caption\"><div class=\"item-title\"><span>Pel\u00e1ez<\/span><span>&amp; Bernal<\/span><\/div><div class=\"item-cat\"><span data-hover=\"Ver caso\"><\/span><\/div><\/div><\/div><\/div><\/div><div class=\"item trigger-item \" data-color=\"#f33a3a\"><div class=\"item-parallax\"><div class=\"item-appear\"><div class=\"item-content\"><a class=\"item-wrap ajax-link-project\" data-type=\"page-transition\" href=\"https:\/\/santiagoamayaquimbayo.com\/?harington_portfolio=filmkilo\"><\/a><div class=\"item-wrap-image\"><img decoding=\"async\" src=\"https:\/\/santiagoamayaquimbayo.com\/wp-content\/uploads\/2025\/04\/CAMISETA-Filmkilo.webp\" class=\"item-image grid__item-img trigger-item-link\" alt=\"\"><\/div><img decoding=\"async\" class=\"grid__item-img grid__item-img--large\" src=\"https:\/\/santiagoamayaquimbayo.com\/wp-content\/uploads\/2025\/04\/CAMISETA-Filmkilo.webp\" alt=\"\" \/><\/div><\/div><div class=\"item-caption-wrapper\"><div class=\"item-caption\"><div class=\"item-title\"><span>FilmKilo HRPP<\/span><\/div><div class=\"item-cat\"><span data-hover=\"Ver caso\"><\/span><\/div><\/div><\/div><\/div><\/div><div class=\"item trigger-item \" data-color=\"#f33a3a\"><div class=\"item-parallax\"><div class=\"item-appear\"><div class=\"item-content\"><a class=\"item-wrap ajax-link-project\" data-type=\"page-transition\" href=\"https:\/\/santiagoamayaquimbayo.com\/?harington_portfolio=rocky-live\"><\/a><div class=\"item-wrap-image\"><img decoding=\"async\" src=\"https:\/\/santiagoamayaquimbayo.com\/wp-content\/uploads\/2024\/08\/box-saco-milo-bunnik-lp9GQiQNHqc-unsplash.webp\" class=\"item-image grid__item-img trigger-item-link\" alt=\"\"><\/div><img decoding=\"async\" class=\"grid__item-img grid__item-img--large\" src=\"https:\/\/santiagoamayaquimbayo.com\/wp-content\/uploads\/2024\/08\/box-saco-milo-bunnik-lp9GQiQNHqc-unsplash.webp\" alt=\"\" \/><\/div><\/div><div class=\"item-caption-wrapper\"><div class=\"item-caption\"><div class=\"item-title\"><span>Rocky<br><\/span><span>Live<\/span><\/div><div class=\"item-cat\"><span data-hover=\"Ver caso\"><\/span><\/div><\/div><\/div><\/div><\/div><div class=\"item trigger-item change-header\" data-color=\"#f4b731\"><div class=\"item-parallax\"><div class=\"item-appear\"><div class=\"item-content\"><a class=\"item-wrap ajax-link-project\" data-type=\"page-transition\" href=\"https:\/\/santiagoamayaquimbayo.com\/?harington_portfolio=dao-latam-action-group-social\"><\/a><div class=\"item-wrap-image\"><img decoding=\"async\" src=\"https:\/\/santiagoamayaquimbayo.com\/wp-content\/uploads\/2024\/10\/Cover-Dai-Action-Group.gif\" class=\"item-image grid__item-img trigger-item-link\" alt=\"\"><\/div><img decoding=\"async\" class=\"grid__item-img grid__item-img--large\" src=\"https:\/\/santiagoamayaquimbayo.com\/wp-content\/uploads\/2024\/10\/Cover-Dai-Action-Group.gif\" alt=\"\" \/><\/div><\/div><div class=\"item-caption-wrapper\"><div class=\"item-caption\"><div class=\"item-title\"><span>Dai<\/span><span>Action Group Latam<\/span><\/div><div class=\"item-cat\"><span data-hover=\"Ver caso\"><\/span><\/div><\/div><\/div><\/div><\/div><\/div><!--\/Portfolio Columns--><\/div><!--\/Portfolio Wrap--><\/div><\/div><\/div><div class=\"wp-block-harington-gutenberg-container content-row light-section full row_padding_bottom\" data-bgcolor=\"#eeeeee\" style=\"text-align:center\"><div class=\"button-box has-animation \" data-delay=\"100\"><div class=\"clapat-button-wrap parallax-wrap hide-ball\"><div class=\"clapat-button parallax-element\"><div class=\"button-border parallax-element-second rounded\"><a class=\" ajax-link animation-link\" href=\"https:\/\/santiagoamayaquimbayo.com\/?page_id=2605\" data-type=\"page-transition\" target=\"_self\"><span data-hover=\"Ver todo el portafolio\">Ver todo el portafolio<\/span><\/a><\/div><\/div><\/div><\/div><\/div><div class=\"wp-block-harington-gutenberg-container content-row light-section full row_padding_left row_padding_right\" data-bgcolor=\"#eeeeee\" style=\"text-align:left\"><hr>\n\n<h1 class=\"has-text-align-center wp-block-heading\">Se funda el estudio haciendo productos que hablen de la historia, de las vidas y las cosas que puedan cambiar con sus resultados, un producto <mark>\u00daTIL<\/mark> como lo requieren los fundamentos del dise\u00f1o, porque cambia las vidas y su entorno.<\/h1>\n\n<hr><hr>\n\n<div class=\"wp-block-columns is-layout-flex wp-container-core-columns-is-layout-1 wp-block-columns-is-layout-flex\"><div class=\"wp-block-column is-layout-flow wp-block-column-is-layout-flow\"><\/div>\n\n<div class=\"wp-block-column is-layout-flow wp-block-column-is-layout-flow\"><h5 class=\"has-mask-fill wp-block-heading\">El Reto<\/h5>\n\n<p class=\"has-animation\">Soluciones innovadoras que impulsen su negocio hacia el \u00e9xito. Con experiencia y creatividad, su marca destacar\u00e1 y prosperar\u00e1 en el competitivo mercado actual. Talento que transforma sus obst\u00e1culos en oportunidades.<br><\/p>\n\n<h5 class=\"has-mask-fill wp-block-heading\">El M\u00e9todo<\/h5>\n\n<p class=\"has-animation\">Un enfoque amigable y certero, para lograr resultados gr\u00e1ficos de \u00faltima generaci\u00f3n con un toque art\u00edstico y humano. El proceso creativo se gu\u00eda de manera colaborativa y precisa, asegurando que cada dise\u00f1o refleje la esencia \u00fanica de la marca. Con la historia del arte aplicada, los proyectos gr\u00e1ficos llegan a un nivel excepcional.<\/p><\/div><\/div>\n\n<div class=\"wp-block-columns is-layout-flex wp-container-core-columns-is-layout-2 wp-block-columns-is-layout-flex\"><div class=\"wp-block-column is-layout-flow wp-block-column-is-layout-flow\"><div class=\"button-wrap small-btn right \"><div class=\"icon-wrap parallax-wrap\"><div class=\"button-icon parallax-element\"><i class=\"arrow-icon-down\"><\/i><\/div><\/div><a target=\"_blank\" href=\"https:\/\/santiagoamayaquimbayo.com\/?page_id=2711\"><div class=\"button-text sticky right\"><span data-hover=\"Sobre el estudio\">Sobre el estudio<\/span><\/div><\/a><\/div><\/div>\n\n<div class=\"wp-block-column is-layout-flow wp-block-column-is-layout-flow\"><\/div><\/div>\n\n<hr><\/div><div class=\"wp-block-harington-gutenberg-container content-row light-section full change-header-color\" data-bgcolor=\"#eeeeee\" style=\"text-align:left\"><figure class=\"has-parallax has-scale-vertical has-animation \" data-delay=\"100\"><img decoding=\"async\" src=\"https:\/\/santiagoamayaquimbayo.com\/wp-content\/uploads\/2023\/07\/El-Mar-Records-TEXTURA.jpeg\" alt=\"\"><div class=\"parallax-image-content content-max-width text-align-center\"><div class=\"outer\"><div class=\"inner\"><h3 class=\"has-mask\">Estudio de dise\u00f1o gr\u00e1fico tropical para el pueblo sincero<\/h3><\/div><\/div><\/div><\/figure><\/div><div class=\"wp-block-harington-gutenberg-container content-row light-section full row_padding_top row_padding_left row_padding_right\" data-bgcolor=\"#eeeeee\" style=\"text-align:left\"><h6 class=\"wp-block-heading\">\/ Get Informed<\/h6>\n\n<hr>\n\n<h1 class=\"has-mask-fill no-margins wp-block-heading\">Leer noticias<\/h1>\n\n<h1 class=\"has-mask-fill no-margins wp-block-heading\">del estudio<\/h1>\n\n<hr>\n\n<hr><\/div><div class=\"wp-block-harington-gutenberg-container content-row light-section full row_padding_left row_padding_right\" data-bgcolor=\"#eeeeee\" style=\"text-align:left\"><article id=\"post-3970\" class=\"post post-3970 type-post status-publish format-standard has-post-thumbnail hentry category-work category-personal\"><div class=\"article-wrap\"><div class=\"hover-reveal\"><div class=\"hover-reveal__inner\"><div class=\"hover-reveal__img\"><img decoding=\"async\" src=\"https:\/\/santiagoamayaquimbayo.com\/wp-content\/uploads\/2024\/10\/Snapinsta.app_video_2B4BCDBC2E10C51EAE46442CCA1806BA_video_dashinit-0-00-08-24-copy.webp\" alt=\"\"><\/div><\/div><\/div><a class=\"post-title ajax-link has-mask-fill\" href=\"https:\/\/santiagoamayaquimbayo.com\/?p=3970\" data-type=\"page-transition\" data-color=\"#000\">Todos los Posters \/ Flyers Hechos Alguna vez<\/a><\/div><div class=\"article-content\"><div class=\"entry-meta-wrap\"><div class=\"entry-meta entry-categories\"><ul class=\"post-categories\"><li class=\"link\"><a class=\"ajax-link\" data-type=\"page-transition\" href=\"https:\/\/santiagoamayaquimbayo.com\/?cat=52\" rel=\"category tag\"><span data-hover=\"Dise\u00f1o y trabajo\">Dise\u00f1o y trabajo<\/span><\/a><\/li><li class=\"link\"><a class=\"ajax-link\" data-type=\"page-transition\" href=\"https:\/\/santiagoamayaquimbayo.com\/?cat=53\" rel=\"category tag\"><span data-hover=\"Personal\">Personal<\/span><\/a><\/li><\/ul><\/div><\/div><div class=\"entry-meta-wrap\"><ul class=\"entry-meta entry-date\"><li class=\"link\"><a class=\"ajax-link\" data-type=\"page-transition\" href=\"https:\/\/santiagoamayaquimbayo.com\/?p=3970\"><span data-hover=\"21 de October de 2024\">21 de October de 2024<\/span><\/a><\/li><\/ul><\/div><\/div><\/article><article id=\"post-3954\" class=\"post post-3954 type-post status-publish format-standard has-post-thumbnail hentry category-work category-procesos tag-bocetos tag-diseno tag-identidad tag-proceso\"><div class=\"article-wrap\"><div class=\"hover-reveal\"><div class=\"hover-reveal__inner\"><div class=\"hover-reveal__img\"><img decoding=\"async\" src=\"https:\/\/santiagoamayaquimbayo.com\/wp-content\/uploads\/2024\/10\/GotheCreeps-COVER.webp\" alt=\"\"><\/div><\/div><\/div><a class=\"post-title ajax-link has-mask-fill\" href=\"https:\/\/santiagoamayaquimbayo.com\/?p=3954\" data-type=\"page-transition\" data-color=\"#000\">Proceso de logotipo para GottheCreeps<\/a><\/div><div class=\"article-content\"><div class=\"entry-meta-wrap\"><div class=\"entry-meta entry-categories\"><ul class=\"post-categories\"><li class=\"link\"><a class=\"ajax-link\" data-type=\"page-transition\" href=\"https:\/\/santiagoamayaquimbayo.com\/?cat=52\" rel=\"category tag\"><span data-hover=\"Dise\u00f1o y trabajo\">Dise\u00f1o y trabajo<\/span><\/a><\/li><li class=\"link\"><a class=\"ajax-link\" data-type=\"page-transition\" href=\"https:\/\/santiagoamayaquimbayo.com\/?cat=73\" rel=\"category tag\"><span data-hover=\"Procesos\">Procesos<\/span><\/a><\/li><\/ul><\/div><\/div><div class=\"entry-meta-wrap\"><ul class=\"entry-meta entry-date\"><li class=\"link\"><a class=\"ajax-link\" data-type=\"page-transition\" href=\"https:\/\/santiagoamayaquimbayo.com\/?p=3954\"><span data-hover=\"17 de October de 2024\">17 de October de 2024<\/span><\/a><\/li><\/ul><\/div><\/div><\/article><article id=\"post-3914\" class=\"post post-3914 type-post status-publish format-standard has-post-thumbnail hentry category-work category-procesos tag-art tag-codigo tag-diseno tag-motion\"><div class=\"article-wrap\"><div class=\"hover-reveal\"><div class=\"hover-reveal__inner\"><div class=\"hover-reveal__img\"><img decoding=\"async\" src=\"https:\/\/santiagoamayaquimbayo.com\/wp-content\/uploads\/2023\/08\/mixtape-session-vol1-4.gif\" alt=\"\"><\/div><\/div><\/div><a class=\"post-title ajax-link has-mask-fill\" href=\"https:\/\/santiagoamayaquimbayo.com\/?p=3914\" data-type=\"page-transition\" data-color=\"#000\">Flyer con processing<\/a><\/div><div class=\"article-content\"><div class=\"entry-meta-wrap\"><div class=\"entry-meta entry-categories\"><ul class=\"post-categories\"><li class=\"link\"><a class=\"ajax-link\" data-type=\"page-transition\" href=\"https:\/\/santiagoamayaquimbayo.com\/?cat=52\" rel=\"category tag\"><span data-hover=\"Dise\u00f1o y trabajo\">Dise\u00f1o y trabajo<\/span><\/a><\/li><li class=\"link\"><a class=\"ajax-link\" data-type=\"page-transition\" href=\"https:\/\/santiagoamayaquimbayo.com\/?cat=73\" rel=\"category tag\"><span data-hover=\"Procesos\">Procesos<\/span><\/a><\/li><\/ul><\/div><\/div><div class=\"entry-meta-wrap\"><ul class=\"entry-meta entry-date\"><li class=\"link\"><a class=\"ajax-link\" data-type=\"page-transition\" href=\"https:\/\/santiagoamayaquimbayo.com\/?p=3914\"><span data-hover=\"28 de August de 2023\">28 de August de 2023<\/span><\/a><\/li><\/ul><\/div><\/div><\/article>\n\n<div class=\"wp-block-columns is-layout-flex wp-container-core-columns-is-layout-3 wp-block-columns-is-layout-flex\"><div class=\"wp-block-column is-layout-flow wp-block-column-is-layout-flow\" style=\"flex-basis:40%\"><hr>\n\n<hr>\n\n<h5 class=\"has-mask wp-block-heading\">Se aplica un enfoque amigable y certero, para lograr resultados gr\u00e1ficos de \u00faltima generaci\u00f3n con un toque art\u00edstico, humano&#8230; y tropical.<\/h5>\n\n<br>\n\n<div class=\"button-box has-animation \" data-delay=\"100\"><div class=\"clapat-button-wrap parallax-wrap hide-ball\"><div class=\"clapat-button parallax-element\"><div class=\"button-border parallax-element-second rounded\"><a class=\"\" href=\"https:\/\/santiagoamayaquimbayo.com\/?page_id=2565\" target=\"_blank\"><span data-hover=\"LEER BLOG\">LEER BLOG<\/span><\/a><\/div><\/div><\/div><\/div><\/div>\n\n<div class=\"wp-block-column is-layout-flow wp-block-column-is-layout-flow\" style=\"flex-basis:66.66%\"><\/div><\/div><\/div>","protected":false},"excerpt":{"rendered":"","protected":false},"author":1,"featured_media":0,"parent":0,"menu_order":0,"comment_status":"closed","ping_status":"closed","template":"","meta":{"om_disable_all_campaigns":false,"_monsterinsights_skip_tracking":false,"_monsterinsights_sitenote_active":false,"_monsterinsights_sitenote_note":"","_monsterinsights_sitenote_category":0,"_uf_show_specific_survey":0,"_uf_disable_surveys":false,"footnotes":""},"class_list":["post-2611","page","type-page","status-publish","hentry"],"aioseo_notices":[],"jetpack_sharing_enabled":true,"_links":{"self":[{"href":"https:\/\/santiagoamayaquimbayo.com\/index.php?rest_route=\/wp\/v2\/pages\/2611","targetHints":{"allow":["GET"]}}],"collection":[{"href":"https:\/\/santiagoamayaquimbayo.com\/index.php?rest_route=\/wp\/v2\/pages"}],"about":[{"href":"https:\/\/santiagoamayaquimbayo.com\/index.php?rest_route=\/wp\/v2\/types\/page"}],"author":[{"embeddable":true,"href":"https:\/\/santiagoamayaquimbayo.com\/index.php?rest_route=\/wp\/v2\/users\/1"}],"replies":[{"embeddable":true,"href":"https:\/\/santiagoamayaquimbayo.com\/index.php?rest_route=%2Fwp%2Fv2%2Fcomments&post=2611"}],"version-history":[{"count":9,"href":"https:\/\/santiagoamayaquimbayo.com\/index.php?rest_route=\/wp\/v2\/pages\/2611\/revisions"}],"predecessor-version":[{"id":3791,"href":"https:\/\/santiagoamayaquimbayo.com\/index.php?rest_route=\/wp\/v2\/pages\/2611\/revisions\/3791"}],"wp:attachment":[{"href":"https:\/\/santiagoamayaquimbayo.com\/index.php?rest_route=%2Fwp%2Fv2%2Fmedia&parent=2611"}],"curies":[{"name":"wp","href":"https:\/\/api.w.org\/{rel}","templated":true}]}}